{"id":1779,"date":"2022-08-10T09:47:28","date_gmt":"2022-08-10T09:47:28","guid":{"rendered":"http:\/\/www.nayaricastillo.com\/?page_id=1779"},"modified":"2022-08-10T09:56:54","modified_gmt":"2022-08-10T09:56:54","slug":"test","status":"publish","type":"page","link":"https:\/\/www.nayaricastillo.com\/es\/test\/","title":{"rendered":"(English) test"},"content":{"rendered":"<p class=\"qtranxs-available-languages-message qtranxs-available-languages-message-es\">Disculpa, pero esta entrada est\u00e1 disponible s\u00f3lo en <a href=\"https:\/\/www.nayaricastillo.com\/en\/wp-json\/wp\/v2\/pages\/1779\" class=\"qtranxs-available-language-link qtranxs-available-language-link-en\" title=\"English\">Ingl\u00e9s Estadounidense<\/a>.<\/p>","protected":false},"excerpt":{"rendered":"<p>Disculpa, pero esta entrada est\u00e1 disponible s\u00f3lo en Ingl\u00e9s Estadounidense.<\/p>\n","protected":false},"author":2,"featured_media":0,"parent":0,"menu_order":0,"comment_status":"closed","ping_status":"closed","template":"templates\/page-cleanpage2.php","meta":[],"_links":{"self":[{"href":"https:\/\/www.nayaricastillo.com\/es\/wp-json\/wp\/v2\/pages\/1779"}],"collection":[{"href":"https:\/\/www.nayaricastillo.com\/es\/wp-json\/wp\/v2\/pages"}],"about":[{"href":"https:\/\/www.nayaricastillo.com\/es\/wp-json\/wp\/v2\/types\/page"}],"author":[{"embeddable":true,"href":"https:\/\/www.nayaricastillo.com\/es\/wp-json\/wp\/v2\/users\/2"}],"replies":[{"embeddable":true,"href":"https:\/\/www.nayaricastillo.com\/es\/wp-json\/wp\/v2\/comments?post=1779"}],"version-history":[{"count":0,"href":"https:\/\/www.nayaricastillo.com\/es\/wp-json\/wp\/v2\/pages\/1779\/revisions"}],"wp:attachment":[{"href":"https:\/\/www.nayaricastillo.com\/es\/wp-json\/wp\/v2\/media?parent=1779"}],"curies":[{"name":"wp","href":"https:\/\/api.w.org\/{rel}","templated":true}]}}