{"id":968,"date":"2017-05-29T20:34:27","date_gmt":"2017-05-29T20:34:27","guid":{"rendered":"http:\/\/www.nayaricastillo.com\/?page_id=968"},"modified":"2022-08-12T21:15:29","modified_gmt":"2022-08-12T21:15:29","slug":"curriculum-vitae","status":"publish","type":"page","link":"http:\/\/www.nayaricastillo.com\/es\/curriculum-vitae\/","title":{"rendered":""},"content":{"rendered":"<a href=\"http:\/\/www.nayaricastillo.com\/wp-content\/uploads\/2017\/05\/564147_10150957401700966_436585146_n.jpeg\"><img loading=\"lazy\" class=\"alignnone size-full wp-image-774\" src=\"http:\/\/www.nayaricastillo.com\/wp-content\/uploads\/2017\/05\/564147_10150957401700966_436585146_n.jpeg\" alt=\"\" width=\"960\" height=\"640\" srcset=\"http:\/\/www.nayaricastillo.com\/wp-content\/uploads\/2017\/05\/564147_10150957401700966_436585146_n.jpeg 960w, http:\/\/www.nayaricastillo.com\/wp-content\/uploads\/2017\/05\/564147_10150957401700966_436585146_n-300x200.jpeg 300w, http:\/\/www.nayaricastillo.com\/wp-content\/uploads\/2017\/05\/564147_10150957401700966_436585146_n-768x512.jpeg 768w, http:\/\/www.nayaricastillo.com\/wp-content\/uploads\/2017\/05\/564147_10150957401700966_436585146_n-525x350.jpeg 525w, http:\/\/www.nayaricastillo.com\/wp-content\/uploads\/2017\/05\/564147_10150957401700966_436585146_n-150x100.jpeg 150w\" sizes=\"(max-width: 960px) 100vw, 960px\" \/><\/a>\r\n\r\n<strong>Estudios:<\/strong>\r\n\r\nMaestr\u00eda. Arte en los espacios p\u00fablicos y nuevas estrategias del arte. 2008 Weimar, DE.\r\nMaestr\u00eda. Pr\u00e1cticas Culturales. Universidad de las artes. 2005 Caracas, VE.\r\nLicenciatura en Artes menci\u00f3n Medios Mixtos (Primer puesto en promoci\u00f3n), Universidad de las artes. 2004 Caracas. VE.\r\nLicenciatura en Biolog\u00eda (Primer puesto en promoci\u00f3n) Universidad Sim\u00f3n Bolivar .2000.Caracas.VE\r\n\r\n<strong>Experiencia laboral:<\/strong>\r\n\r\n(2018)-2017 Curador, artista y coordinador del proyecto internacional \u201cInvirtiendo campos de batalla: por un futuro sin bordes\u201d.\r\n2017-2013\u00a0 Coordinador de programas, publicaciones y directora del colectivo art\u00edsitco The Daily Rhythms Collective.\r\n2017-2000 Artista de instalaci\u00f3n independiente\r\n2017-2013 profesor Instituto de Arte Contempor\u00e1neo | IZK, TU Graz, AT.\r\n2016 Manager de medios sociales. Kommerz, Graz, AT.\r\n2016-2015 Coordinador of contenido y programaci\u00f3n para el proyecto acad\u00e9mico\u00a0 \u201cOpen Modes Graz\u201d (http:\/\/offenerbetrieb.mur.at\/).\r\n2016-2015 urador, artista y coordinador del proyecto internacional \u201cHistorias al borde\u00bb ( www.storiesfromtheedge.org).\r\n2104 urador, artista y coordinador del proyecto internacional \u201cRosa de los vientos: Un comp\u00e1s sem\u00e1ntico para la Europa post-Harsburgiana\u201d.. www.roseofthewinds.at\r\n2015-2013 Profesor invitado ADRIART . *AT, IT, SLO,HR\r\n2012-2008 Investigador Universidad Bauhaus, Weimar, DE.\r\n\r\n<strong>Experiencia Acad\u00e9mica (ejemplos docentes):<\/strong>\r\n\r\n2017 Profesor para el proyecto: Nueva cena de Graz. New Graz Dinner Party | IZK TU Graz, AT.\r\n2017 L\u00edder de taller. Poniendo l\u00edmites. OMEGA, Graz, AT.\r\n2017 L\u00edder de taller. Switching. Akademie Graz, AT.\r\n2017 L\u00edder de taller. A la misma altura de los ojos. AAI, Graz, AT.\r\n2017-2013 L\u00edder de taller para diferentes proyectos del DRC.\r\n2016 Profesor. Acci\u00f3n simult\u00e1nea: Creando roles en ambientes especulativos .IZK TU Graz.\r\n2016 Coordinador de taller. Herbst Akademie para Marjetica Potric. La casa de los portones abiertos, SH-&lt;rotor&gt;, Graz, AT.\r\n2015 Profesor. La im\u00e1gen cient\u00edfica: revelando la pieza de arte.IZK TU Graz, AT.\r\n2015 Mentor invitado. Bajo la bandera del desplazamiento. Mobilidad Adriart. Rijeka, HR.\r\n2015 Porfesor. El archivo vivo: sobre colecciones, clasificaciones y memoria en arte contempor\u00e1neo.IZK TU Graz, AT.\r\n2015 Coordinador de taller. Festival Elevate en cooperaci\u00f3n con &lt;rotor&gt; para Grand Hotel Cosmopolis, Graz, AT.\r\n2014 Mentor invitado. Pron\u00f3stico del tiempo: turbulencia. Adriart-TU Graz-Centro Wegener para el An\u00e1lisis de datos clim\u00e1ticos-IEM KUG and IAM TU Graz, AT.\r\n2014 Profesor.\u00a0 Arte comestible.\u00a0 IZK TU Graz, AT.\r\n2014 L\u00edder de Taller. Re-trazando mi ciudad. UniT Graz, AT.\r\n2014 Profesor. Armando Arcoiris.IZK TU Graz, AT.\r\n2013 Mentor invitado. Bix-perform. Arte responsivo en el espacio p\u00fablico. Adriart. Graz, AT.\r\n2013 Mentor invitado. Aquatopia &#8211; El submarino de investigaci\u00f3n para ni\u00f1os.IZK TU Graz &#8211; Kinderburo,Graz, AT.\r\n2013-2012 L\u00edder de taller.\u00a0 Almas flotantes. Kinderburo, Graz,AT.\r\n2012 Profesor invitado para arte conceptual. Universidad de las artes. Caracas, VE\r\n2012 L\u00edder de Taller: El arte de la instalaci\u00f3n. Centro Cultural Chacao. Caracas, VE\r\n\r\n<strong>Exhibiciones individuales y obras en el espacio p\u00fablico:<\/strong>\r\n\r\n2016 La casa de los portones abiertos. Steirische Herbst. Graz (AT).\r\n2016 Observatorium. Art Safiental. Tenna (CH)\r\n2016 Reacci\u00f3n en cadena-En c\u00e1mara lenta. EisernerzArt. Eisenerz (AT)\r\n2016 Meandros. ORF Zentrum.Steiermark.Graz (AT)\r\n2015 Una mujer nacida en Viena que perdi\u00f3 sus pasos en el tiempo. Wiener Festwochen. Vienna (AT)\r\n2014 Rosa de los vientos. Tres instalaciones en el espacio p\u00fablico. Sarajevo,BiH-Trieste, IT-Graz,AT. (PI)\r\n2014 Pi\u00f1ata. AAI Graz, AT. (PI)\r\n2014 Monta\u00f1a de cuentos de la estiria occidental. Schlo\u00dfberg. Voitsberg, AT (PI)\r\n2014 Jard\u00edn del di\u00e1logo.\u00a0 Hotel Cosmopolis Augsburg,DE. (PI)\r\n2013 Postales de Sarajevo. Evergreen. Sarajevo,BA. (S)\r\n2013 Aquatopia. El Submarino de investigaci\u00f3n. Karmeliterplatz Graz,AT. (PI)\r\n2012 Epigramas Sonoros. Galeria la caja. Centro Cultural Chacao. Caracas,VE. (S)\r\n2010 Contrabando al para\u00edso. Oficina #1. Centro Cultural Los Galpones .Caracas,VE. (S)\r\n2009 De cara al norte. L. C. Bates Museum. Hinckley,USA. (S)\r\n2008 Victoria Regia. Galeria la cuadra. Caracas,VE. (S)\r\n2008 Ndoto ya Jane. Kiosko Barsheba. Mombasa,KE. (PI)\r\n2008 Bitacora: El cap\u00edtulo alem\u00e1n. Schlo\u00df-Museum. Weimar, DE. (S)\r\n2006 El Silencio\/la palabra. Biblioteca de la escuela de m\u00fasica Franz Liszt. Weimar, DE. (S)\r\n2002 Tr\u00e1nsitos.\u00a0 CELARG. Caracas,VE. (S)\r\n\r\n<strong>Exposiciones grupales (Recientes):<\/strong>\r\n\r\n2016 Historias al borde. Kunsthaus. Graz (AT).\r\n2016 Sublime. ESC im Labor. Graz (AT)\r\n2016 Perseguidos, Robados, expulsados. &lt;rotor&gt; centro de arte contempor\u00e1neo. Graz (AT)\r\n2015 Ciudad adentro. Wiener Festwochen.Wien,AT.\r\n2015 Constelaciones en movimiento. Sala Minoriten. Graz, AT.\r\n2014 Turbulencia (cooperation). Forum Stadt Park Graz, AT.\r\n2014 Hof-Biennial 02. Steiermarkhof. Graz, AT.\r\n2014 La mirada del otro Banesco Collection. Caracas,VE.\r\n2014 Imaginarios en vuelo. CIFO Art Space. Miami,USA.\r\n2014 Los artistas est\u00e1n presentes. &lt;Rotor&gt; Gallery. Graz, AT.\r\n2014 PROVITA. Artistas de la naturaleza. Centro de arte contempor\u00e1neo Los Galpones. Caracas,VE.\r\n2013 OFF-Line.Triangle Arts-Xerem Association. Lisbon.PT.\r\n2013 Aquatopia. El submarino de investigaci\u00f3n. Karmeliterplatz Graz,AT.\r\n2013 Lapso. Instituto para el desplazamiento temporal. Graz, AT.\r\n2013 Antolog\u00eda visual.GBG Arts Gallery. Caracas.VE\r\n2012 M\u00e1quinas para escribir. ESC im Labor. Graz, AT.\r\n2012 Formaciones. Gallery G69.KulturService Steiermark Graz,AT.\r\n2012 Di\u00e1logos de colecci\u00f3n. Museo de arte contempor\u00e1neo de Caracas Sof\u00eda Imber. Caracas, VE.\r\n2012 Historia, memoria y territorio. Colecci\u00f3n Mercantil. Caracas,VE.\r\n2012 5&#215;5 Real\/Irreal. AAAMuseum. Acarigua,VE.\r\n2011 11 Tipos del 11. Galeria Mendoza. Caracas,VE.\r\n2011 Otros mundos posibles.Casino Luxemboug, Centro de Arte contempor\u00e1neo.\u00a0 Luxembourg, LX.\r\n2011 Curso abierto. Fundaci\u00f3n Antonio Ratti. Como, IT.\r\n2011 Miradas latinoamericanas &#8211; V\u00eddeos. Parque de Esculturas. Xalapa. Veracruz. MX.\r\n2011 10 Miradas latinoamericanas. Casa cultural de Celaya. Guanajuato. MX.\r\n2011 Ela Xpo. Espacio Wallonie. Brussels. BE.\r\n2011 M\u00faltiples. Centro de arte cultural Los Galpones. Caracas, VE.\r\n2011 Peque\u00f1a escala. Galer\u00eda la cuadra. Caracas,VE.\r\n2011 Bienal de miniaturas gr\u00e1ficas. TAGA-CAF. Caracas,VE.\r\n2011 Bicentenario: diez miradas latinoamericanas. Museo Diego Rivera. DF, MX.\r\n2010 Rondomat. Rondo Atelier. Graz, AT.\r\n2010 Desplazados. Galeria ArtePuy. Caracas,VE.\r\n2010 Reverberaciones. esc im Labor. Graz, AT.\r\n2010 {C\u00f3digo sonoro}. HBC Gallery. Berlin, DE.\r\n\r\n<strong>Premios:<\/strong>\r\n\r\n2017 Beca de producci\u00f3n art\u00edstica. Holobionten:nubes + conexiones. BKA. Wien. AT\r\n2017 Beca de producci\u00f3n art\u00edstica. Invirtiendos Campos de batalla (Xenos). Land Steiermark. Graz.AT\r\n2017 Beca de producci\u00f3n art\u00edstica. zusammen:wachsen \u2013 Kunst und Integration 2016. Invirtiendos Campos de batalla (Xenos). BKA. Wien.AT\r\n2016 Bolsa para cat\u00e1logo. (Daily Rhythms collective)Stadt Graz. Kultur.\r\n2015 Bolsa de trabajo de la ciudad de Graz. Stadt Graz. Kultur. Graz(AT)\r\n2015 Beca de producci\u00f3n art\u00edstica. Historias al borde (Daily Rhythms collective). Land Steiermark. Graz.AT\r\n2015 Bolsa para cat\u00e1logo (Daily Rhythms collective)Stadt Graz. Kultur.\r\n2014 Beca de producci\u00f3n art\u00edstica. Programa de comisiones y becas CIFO. Miami.USA\r\n2014 Beca de producci\u00f3n art\u00edstica.El palimpsesto idiom\u00e1tico (Daily Rhythms collective).Land Steiermark. Graz.AT\r\n2014 Beca de producci\u00f3n art\u00edstica.Pi\u00f1ata (AAI). Land Steiermark. Graz.AT\r\n2014 Beca de producci\u00f3n art\u00edstica. Projecto La Rosa de los Vientos (Daily Rhythms collective). Land Steiermark. Graz.AT\r\n2013 Beca internacional de cine. Steiermark State. Graz, AT.\r\n2011 Bolsa de investigaci\u00f3n de la comisi\u00f3n para la mujer del estado de Turingia, DE.\r\n2011\u00a0 Menci\u00f3n honor\u00edfcia. Bienal de miniaturas g\u00e1ficas. TAGA.Caracas.VE.\r\n2010 Bolsa de investigaci\u00f3n del estado de Turingia, DE.\r\n2009 Beca. Skowhegan Escuela de escultura y pintura. Skowhegan, USA.\r\n2008 Bolsa de investigaci\u00f3n. Bauhaus Research School. Bauhaus University.Weimar, DE.\r\n2008 Bolsa de viaje.\u00a0 Programa de apoyo para proyectos internacionales, CONAC. VE.\r\n2008 Menci\u00f3n honor\u00edfica. Sal\u00f3n de j\u00f3venes artistas PIRELLI. Caracas, VE.\r\n2005-08 Beca de excelencia acad\u00e9mica. DAAD. Bonn, DE.\r\n2005 Primer premio. 8va Edici\u00f3n J\u00f3venes con Fia. Fundaci\u00f3n Corp Group. Caracas,VE.\r\n2004 Primer Premio. Premio Nacional. 63vo Sal\u00f3n de Arte Arturo Michelena. Valencia, VE.\r\n\r\n<strong>Residencias:<\/strong>\r\n\r\n2016 Alps Arts Academy. Tenna. Safienthal.CH\r\n2016 Free Home University. Lecce. IT\r\n2013 OFFLINE.International Workshop. Lissabon, PT.\r\n2013 Public Room. Sarajevo, BA.\r\n2011 Casino Luxembourg Art Workshop.Luxembourg, LX.\r\n2011 Advance Curse in Visual Arts. FAR.Como, IT.\r\n2010 Rondo Atelier. Graz, AT.\r\n2010 HomeBaseV. Berlin, DE.\r\n2009 Skowhegan School of Painting and Sculpture. Skohegan, USA.\r\n2009 RIA Centro Rural de Arte. Buenos Aires, AR.\r\n2008 Wasanii International Workshop. Mombasa, KE.\r\n2003 Salzburg Summer Academy. Salzburg, AT.\r\n\r\n<strong>Publicaciones | Libros:<\/strong>\r\n\r\n*Ramos, Maria Elena (2015).\u00a0 El Avila. La mirada de todos. Caracas: Playko Editores.\r\n*Palenzuela, Juan (2014). Arte en Venezuela 1980-2005. Caracas: Casa del cerrajero ediciones.\r\n*Suazo, Felix (2014). Panor\u00e1mica del arte emergente en venezuela 2010-2012. Madrid: Fundaci\u00f3n Telef\u00f3nica.\r\n*Chumnarn,R (2013). Creativity. Bangkok: Creative Thinking.\r\n*Zerpa, Carlos (2009).\u00a0 Veneno: Historia del arte corporal en Venezuela.\u00a0 M\u00e9rida: Actual Editions.\r\n*Castellote, Ale (2003). Mapas abiertos: Fotograf\u00eda latinoamericana contempor\u00e1nea.\u00a0 Fundaci\u00f3n Telef\u00f3nica. Madrid: Ludwig\r\n*Boulton, Maria (2003). 21 mujere fot\u00f3grafas. Caracas: La lapara\u00f1ona Eds. Caracas.\r\n\r\n<strong>Publicaciones | Cat\u00e1logos y libros objeto:<\/strong>\r\n\r\n*Castillo,N; K,Howlett-Jones and F, Lazarinni. (2017).Stories from the Edge.Graz: The Rhythms Collective.\r\n*Castillo, N; F, Hederer. (2016)Bewegte Stadgef\u00e4hrtin.Graz: Forum Stadtpark.\r\n*Castillo, N; K, Howlett-Jones. (2016). Rose of the Winds: a semantic compass of post-Habsburg Europe.Graz: The Daily Rhyhtms Collective.\r\n*Silva, A.C (2014). Fleeting Imaginaries. Grants &amp; Commissions Program Exhibition. Miami: CIFO.\r\n*Aksamija, A (2014). Future Heritage Collection. Graz: Land Steiermark\u00a0 \/ &lt;rotor&gt; Center for Contemporary Art.\r\n*Ribero, T (2014). Grafica Mercantil Indagaci\u00f3n y Seguimiento. Caracas: Mercantil Arte y Cultura, A.C. P. 43.\r\n*Baumgartner,J; Risse, E (2014). Hof-Biennale 02. Energie-Die Kraft der Weiblichkeit. Graz: Steirmarkhof.\r\n*Meixner, E (2014). Der Westeireische Sagenberg. Voitsberg: Das Land Steiermark.\r\n*Brasil, D. Institut f\u00fcr Zeitgen\u00f6ssische Kunst. Kinderb\u00fcro (eds.) (2014) Aquatopia: das Kinder Forschung-U-boot. Jahres Logbuch 2014-15. Graz: TU Graz Verlag. P 30-31.\r\n*Kada, C (2013). Landes-kultur-preise 2013. Graz: Das Land Steiermark.\r\n*Miranda, M (2013). OFFLINE. Between Transits and Journeys. Lisboa: Triangle Arts Association.\r\n*Castillo, N; Gonzalez, L (2012). Epigramas Sonoros\/ Sound Epigrams. Caracas: Centro Cultural Chacao.\r\n*Romero, Luis (2012). Cacri. Caracas Arte Contempor\u00e1neo. Caracas: Mercantil Arte y Cultura, A.C. P.8.\r\n*Slater, C (2012). KARST Open Studio. Plymouth: NFSAP.\r\n*Ratti, A (2011). Wolves and Peasants 38% Notes 38% No Title 19% Dreamers 4%. Milano: Mousse Publishing.\r\n*Ramos,M.E (2011). Once Tipos del Once. Caracas: Sala Mendoza.\r\n*Chea-gab,Y (2009). Borderless Generation: Contemporary Art of Latin America. Seoul: The Korea Foundation Cultural Center.\r\n\r\n<strong>Publicaciones\u00a0 |Publicaciones peri\u00f3dicas:<\/strong>\r\n\r\n*Titz,W (2015). \u201cLeben im parallelen Welten\u201d. In: Kleine Zeitung. Kultur. (27.01).\u00a0 Graz, AT.\r\nBinder, H (2014) \u201cWindrose und andere Zeichen\u201d .In: Kleine Zeitung. Kultur. (25.11). Graz, AT.\r\n*Castillo, N (2014). \u201cReflexion\u201d. In: Grazetta Nr.06. Graz,AT.\r\n*Taxacher, E(2013) \u201cWeil es feminimus braucht\u2026\u201d In:AEP Informationen. 40(4). Graz, AT.\r\n*Falc\u00f3n,D (2012) \u201c!Pens\u00e9 que era sorda!\u201dUna entrevista a Nayari Castillo\u201din: El Universal. Arte (09.07). Caracas,VE.\r\n*M\u00e9ndez, C.V (2012) \u201c Nayar\u00ed Castillo atrapa el sonido\u201d. In: El Nacional. (29.06).Caracas,VE.\r\n*Garcia,S (2012) \u201cLa memoria allude a Epigramas Sonoros\u201d.In: Tal Cual (29.06). Caracas, VE.\r\n*Castillo, N (2011). \u201cContrabando al Para\u00edso\u201d. In: Mono Magazine.04. Caracas, VE\r\n*Cabas, A (2011) \u201cTres tipas de arte: Nayari Castillo\u201d. In: M Magazine (29:12).Caracas, VE.\r\n*Santana, R (2011) \u201cOnce Tipos: La nueva pr\u00e1ctica del Museo\u201d In: El Nacional (22.10). Caracas, VE.\r\n*Falcon, D (2011) \u201c Premios AICA\u201d. In: El Universal (17.05). Caracas, VE\r\n*Castillo, N (2010). \u201cHacia un discurso social en el arte contempor\u00e1neo\u201d In: La Roca de Crear 3 (31). Caracas, VE.\r\n* Wolkinger, T. (2010). \u201cRaumschiff Creativity\u201d. in Falter.2279: 50 (17.02). Wien, AT.\r\n*Hilgenstock, A.(2010). \u201dKunst-Nomaden in Pankow\u201d. In Berliner Morgen Post (30.09). Berlin, DE.\r\n*Baum, C. (2010). \u201cZuhause in Berlin\u201d.Cicero. Magazine for Political Culture (23.09).\u00a0 Berlin, DE.\r\nFalcon, D. (2010). \u201dLas Fantasias de Nayari Castillo tocan a Pablo Escobar\u201d.\u00a0 In El Universal (17.05). Caracas, VE.\r\n*Delgado, M.(2010). \u201dNayari Castillo escribe identidad con H de hipop\u00f3tamo\u201d. El Nacional (14.05). Caracas, VE.\r\n* Rangel, M. (2010). \u201cEl recorrido de 4 artistas contemporaneos\u201d.\u00a0 In Tal Cual(12.05). Caracas,VE.\r\n*Suazo, F. (2009). \u201cChronic: Nayari Castillo\/La Cuadra Gallery\u201d.\u00a0 In ArtNexus 71(7). Miami, USA .\r\n\r\n<strong>Publicaciones | Acad\u00e9micas:<\/strong>\r\n\r\n*Brasil, D; K\u00f6nig, B. (eds.) (2015) Design your free local menu. X Bienal de Arquitetura de S\u00e3o Paulo. Graz: TU Graz Verlag (42pp. eng)\r\n*Castillo, N. (2014) Reflections on mentoring.\u00a0 in: Adriart: Regional collaborations in Media Arts and Practices.\u00a0 BRAJNOVIC, T.\/ MUSTAPIC, N.\/ PURG, P.\/ SMREKAR, T. (eds.) Rijeka: Academy of Applied Art, University of Rijeka\/ School of Arts, University of Nova Gorica (p. 95-97 eng)\r\n*Brasil, D (ed.) (2014) Forecast: turbulence. Forum Stadtpark. Institute of Contemporary Art, Institute of Architecure and Media \u2013 TUGraz and Institute of Electronic Music and Acoustics \u2013 University of Music and oerforming arts. Graz (72pp. eng)\r\n*Brasil, D; Castillo, N; Dank, R. (eds.) (2013) Bix Perform. Kunsthaus Graz. Institute of Contemporary Art, Institute of Architecure and Media \u2013 \u00a0TUGraz (28pp. eng)\r\n\r\n<span style=\"border-radius: 2px; text-indent: 20px; width: auto; padding: 0px 4px 0px 0px; text-align: center; font: bold 11px\/20px 'Helvetica Neue',Helvetica,sans-serif; color: #ffffff; background: #bd081c no-repeat scroll 3px 50% \/ 14px 14px; position: absolute; opacity: 1; z-index: 8675309; display: none; cursor: pointer; top: 36px; left: 20px;\">Save<\/span>\r\n\r\n<span style=\"border-radius: 2px; text-indent: 20px; width: auto; padding: 0px 4px 0px 0px; text-align: center; font: bold 11px\/20px 'Helvetica Neue',Helvetica,sans-serif; color: #ffffff; background: #bd081c no-repeat scroll 3px 50% \/ 14px 14px; position: absolute; opacity: 1; z-index: 8675309; display: none; cursor: pointer; top: 36px; left: 20px;\">Save<\/span>\r\n\r\n<span style=\"border-radius: 2px; text-indent: 20px; width: auto; padding: 0px 4px 0px 0px; text-align: center; font: bold 11px\/20px 'Helvetica Neue',Helvetica,sans-serif; color: #ffffff; background: #bd081c no-repeat scroll 3px 50% \/ 14px 14px; position: absolute; opacity: 1; z-index: 8675309; display: none; cursor: pointer;\">Save<\/span>\r\n\r\n<span style=\"border-radius: 2px; text-indent: 20px; width: auto; padding: 0px 4px 0px 0px; text-align: center; font: bold 11px\/20px 'Helvetica Neue',Helvetica,sans-serif; color: #ffffff; background: #bd081c no-repeat scroll 3px 50% \/ 14px 14px; position: absolute; opacity: 1; z-index: 8675309; display: none; cursor: pointer;\">Save<\/span>","protected":false},"excerpt":{"rendered":"<p>Estudios: Maestr\u00eda. Arte en los espacios p\u00fablicos y nuevas estrategias del arte. 2008 Weimar, DE. Maestr\u00eda. Pr\u00e1cticas Culturales. Universidad de las artes. 2005 Caracas, VE. Licenciatura en Artes menci\u00f3n Medios Mixtos (Primer puesto en promoci\u00f3n), Universidad de las artes. 2004 Caracas. VE. Licenciatura en Biolog\u00eda (Primer puesto en promoci\u00f3n) Universidad Sim\u00f3n Bolivar .2000.Caracas.VE Experiencia laboral: &#8230;<\/p>\n","protected":false},"author":1,"featured_media":0,"parent":0,"menu_order":0,"comment_status":"closed","ping_status":"closed","template":"","meta":[],"_links":{"self":[{"href":"http:\/\/www.nayaricastillo.com\/es\/wp-json\/wp\/v2\/pages\/968"}],"collection":[{"href":"http:\/\/www.nayaricastillo.com\/es\/wp-json\/wp\/v2\/pages"}],"about":[{"href":"http:\/\/www.nayaricastillo.com\/es\/wp-json\/wp\/v2\/types\/page"}],"author":[{"embeddable":true,"href":"http:\/\/www.nayaricastillo.com\/es\/wp-json\/wp\/v2\/users\/1"}],"replies":[{"embeddable":true,"href":"http:\/\/www.nayaricastillo.com\/es\/wp-json\/wp\/v2\/comments?post=968"}],"version-history":[{"count":18,"href":"http:\/\/www.nayaricastillo.com\/es\/wp-json\/wp\/v2\/pages\/968\/revisions"}],"predecessor-version":[{"id":1789,"href":"http:\/\/www.nayaricastillo.com\/es\/wp-json\/wp\/v2\/pages\/968\/revisions\/1789"}],"wp:attachment":[{"href":"http:\/\/www.nayaricastillo.com\/es\/wp-json\/wp\/v2\/media?parent=968"}],"curies":[{"name":"wp","href":"https:\/\/api.w.org\/{rel}","templated":true}]}}