{"id":6,"date":"2011-03-19T16:28:48","date_gmt":"2011-03-19T16:28:48","guid":{"rendered":"http:\/\/www.nayaricastillo.com\/?page_id=6"},"modified":"2022-08-12T21:21:12","modified_gmt":"2022-08-12T21:21:12","slug":"statement","status":"publish","type":"page","link":"http:\/\/www.nayaricastillo.com\/es\/statement\/","title":{"rendered":""},"content":{"rendered":"<p style=\"text-align: left;\"><!-- @font-face { font-family: \"Arial\"; }@font-face { font-family: \"Times\"; }p.MsoNormal, li.MsoNormal, div.MsoNormal { margin: 0cm 0cm 0.0001pt; font-size: 12pt; font-family: \"Times New Roman\"; }p { margin: 0cm 0cm 0.0001pt; font-size: 10pt; font-family: \"Times New Roman\"; }div.Section1 { page: Section1; } --><\/p>\r\nEn mi obra, exploro el espacio como materialidad, confrontando diferentes elementos a trav\u00e9s del lenguaje instalativo. Usando textos, objetos, fotograf\u00eda, soluciones arquitect\u00f3nicas y video, mis piezas se construyen a manera sitio-espec\u00edfica al rededor de diferentes formas de memorializaci\u00f3n y el di\u00e1logo. Mis intervenciones se relacionan activamente con la historia, las experiencias personales, el espacio y el tiempo, estableciendo una sem\u00e1ntica, donde ideas | herramientas e instrumentos | formas se combinan en un solo discurso.\r\n\r\nMe aproximo a la obra en el espacio de dos formas fundamentales:\r\n\r\n1\/ A manera individual, abordando problemas | conceptos, proyectos de investigaci\u00f3n que son traducidos a formas espaciales\u00a0\u00a0 (en lo privado, lo semi-publico o lo p\u00fablico).\r\n\r\n2\/ A trav\u00e9s de colaboraciones y piezas colectivas dentro de diferentes constelaciones grupales.\r\n\r\nDesde 2013 formo parte de la agrupaci\u00f3n art\u00edstica: The Daily Rhythms Collective (El colectivo de los ritmos diarios), una coalisi\u00f3n internacional de mujeres artistas\u00a0 que utiliza la comunicaci\u00f3n como herramienta de trabajo, creando piezas relacionadas con cartograf\u00edas sensibles y fomentan a su vez, discursos de igualdad, inclusi\u00f3n y feminisimos. Dentro de las expresiones t\u00edpicas del colectivo se cuentan intervenciones\u00a0 y piezas participativas o dial\u00f3gicas con una marcada carga social y pol\u00edtica.\r\n\r\nTodos mis proyectos, tanto colectivos como individuales, se desarrollan dentro de una estricta disciplina conceptual. Muchas de las propuestas se acercan intimamente al especatador, promoviendo la oralidad y alimentandose,\u00a0 de narraciones personales \u00abinusuales\u00bb.\u00a0 La mayor parte de mis trabajos conservan un cuidadoso balance entre la ficci\u00f3n y la realidad.\r\n\r\n&nbsp;\r\n\r\n&nbsp;","protected":false},"excerpt":{"rendered":"<p>En mi obra, exploro el espacio como materialidad, confrontando diferentes elementos a trav\u00e9s del lenguaje instalativo. Usando textos, objetos, fotograf\u00eda, soluciones arquitect\u00f3nicas y video, mis piezas se construyen a manera sitio-espec\u00edfica al rededor de diferentes formas de memorializaci\u00f3n y el di\u00e1logo. Mis intervenciones se relacionan activamente con la historia, las experiencias personales, el espacio y &#8230;<\/p>\n","protected":false},"author":1,"featured_media":0,"parent":0,"menu_order":4,"comment_status":"closed","ping_status":"closed","template":"","meta":[],"_links":{"self":[{"href":"http:\/\/www.nayaricastillo.com\/es\/wp-json\/wp\/v2\/pages\/6"}],"collection":[{"href":"http:\/\/www.nayaricastillo.com\/es\/wp-json\/wp\/v2\/pages"}],"about":[{"href":"http:\/\/www.nayaricastillo.com\/es\/wp-json\/wp\/v2\/types\/page"}],"author":[{"embeddable":true,"href":"http:\/\/www.nayaricastillo.com\/es\/wp-json\/wp\/v2\/users\/1"}],"replies":[{"embeddable":true,"href":"http:\/\/www.nayaricastillo.com\/es\/wp-json\/wp\/v2\/comments?post=6"}],"version-history":[{"count":30,"href":"http:\/\/www.nayaricastillo.com\/es\/wp-json\/wp\/v2\/pages\/6\/revisions"}],"predecessor-version":[{"id":1793,"href":"http:\/\/www.nayaricastillo.com\/es\/wp-json\/wp\/v2\/pages\/6\/revisions\/1793"}],"wp:attachment":[{"href":"http:\/\/www.nayaricastillo.com\/es\/wp-json\/wp\/v2\/media?parent=6"}],"curies":[{"name":"wp","href":"https:\/\/api.w.org\/{rel}","templated":true}]}}